{"id":1038,"date":"2022-11-29T06:48:29","date_gmt":"2022-11-29T06:48:29","guid":{"rendered":"https:\/\/sociale.catrianerone.pu.it\/?page_id=1038"},"modified":"2022-11-29T06:48:30","modified_gmt":"2022-11-29T06:48:30","slug":"giovani","status":"publish","type":"page","link":"https:\/\/sociale.catrianerone.pu.it\/?page_id=1038","title":{"rendered":"Giovani"},"content":{"rendered":"<div id=\"pl-1038\"  class=\"panel-layout\" ><div id=\"pg-1038-0\"  class=\"panel-grid panel-no-style\" ><div id=\"pgc-1038-0-0\"  class=\"panel-grid-cell\" ><div id=\"panel-1038-0-0-0\" class=\"so-panel widget widget_media_image panel-first-child\" data-index=\"0\" ><img width=\"2500\" height=\"1049\" src=\"https:\/\/sociale.catrianerone.pu.it\/wp-content\/uploads\/2022\/11\/giovani.jpg\" class=\"image wp-image-1039  attachment-full size-full\" alt=\"\" decoding=\"async\" style=\"max-width: 100%; height: auto;\" srcset=\"https:\/\/sociale.catrianerone.pu.it\/wp-content\/uploads\/2022\/11\/giovani.jpg 2500w, https:\/\/sociale.catrianerone.pu.it\/wp-content\/uploads\/2022\/11\/giovani-300x126.jpg 300w, https:\/\/sociale.catrianerone.pu.it\/wp-content\/uploads\/2022\/11\/giovani-1024x430.jpg 1024w, https:\/\/sociale.catrianerone.pu.it\/wp-content\/uploads\/2022\/11\/giovani-768x322.jpg 768w, https:\/\/sociale.catrianerone.pu.it\/wp-content\/uploads\/2022\/11\/giovani-1536x645.jpg 1536w, https:\/\/sociale.catrianerone.pu.it\/wp-content\/uploads\/2022\/11\/giovani-2048x859.jpg 2048w\" sizes=\"(max-width: 2500px) 100vw, 2500px\" \/><\/div><div id=\"panel-1038-0-0-1\" class=\"so-panel widget widget_text panel-last-child\" data-index=\"1\" >\t\t\t<div class=\"textwidget\"><p><strong>Povert\u00e0 ed esclusione sociale<\/strong> sono fenomeni complessi, che dipendono da numerosi fattori. Sono collegati alla mancanza di reddito, ma anche all&#8217;accesso alle opportunit\u00e0 e alla partecipazione alla vita economica e sociale del paese, al sistema di relazioni di cui si \u00e8 parte e all\u2019insieme di vincoli ed opportunit\u00e0 &#8211; di tipo economico, sociale, culturale &#8211; presenti nel proprio contesto di vita. Pertanto, le <strong>politiche nazionali per l&#8217;inclusione sociale<\/strong> sono caratterizzate da una vasta gamma di iniziative, interventi e strumenti diversi.<\/p>\n<p>In Italia, gli interventi di contrasto alla povert\u00e0 e all&#8217;esclusione sociale sono promossi e realizzati da diversi <strong>attori istituzionali a livello nazionale, regionale e locale<\/strong>. Inoltre, il <strong>Terzo Settore<\/strong> sostiene le istituzioni pubbliche nell&#8217;attuazione delle politiche sociali e agisce come mediatore a livello locale.<\/p>\n<p>Le politiche di inclusione sociale specificamente rivolte ai <strong>giovani<\/strong> hanno lo scopo di ridurre l&#8217;abbandono scolastico, migliorare l&#8217;accesso al mercato del lavoro e ridurre le disparit\u00e0 sociali, cercando di migliorare le condizioni di vita di individui e famiglie che si trovino al di sotto della soglia di povert\u00e0 assoluta.<\/p>\n<p>L&#8217;Italia, nel destinare le risorse del Fondo Nazionale per le Politiche Sociali (FNPS), ha approvato il <a href=\"https:\/\/www.lavoro.gov.it\/priorita\/Documents\/Piano-Nazionale-degli-Interventi-e-dei-Servizi-Sociali-2021-2023.pdf\">Piano Sociale Nazionale 2021-2023<\/a>, che mira a definire la cornice di un processo strutturale per il sistema dei servizi sociali, attualmente ancora frammentato e incapace di offrire la certezza della presa in carico di chi si trova in condizioni di bisogno e di promuovere quella coesione sociale e quella &#8220;resilienza&#8221; che sono emerse con forza come elementi essenziali negli ultimi anni.<\/p>\n<p>L\u2019Italia ha anche approvato una <strong>strategia nazionale di contrasto alla povert\u00e0 e all\u2019esclusione sociale<\/strong> che prevede, tra gli interventi principali, l\u2019istituzione del <strong>Reddito di cittadinanza (RdC)<\/strong> tramite il Decreto legge n. 4 del 28 gennaio 2019, convertito con Legge n. 26 del 28 marzo 2019, ovvero un sostegno al reddito che le persone, compresi i giovani adulti, e le famiglie in condizione di povert\u00e0, possono richiedere a partire dal 6 marzo 2019, condizionato all\u2019impegno a seguire un percorso personalizzato volto all\u2019inclusione sociale e all\u2019inserimento lavorativo (CFR. <a title=\"4.4 Programmi di inclusione per i giovani\" href=\"https:\/\/www.politichegiovanili.gov.it\/politiche-giovanili\/attivita-internazionali\/youthwiki\/4-inclusione-sociale\/#\">par. 4.4<\/a>) e che \u00e8 stato leggermente modificato e integrato con il programma <a href=\"https:\/\/www.lavoro.gov.it\/notizie\/Documents\/GOL-slide-Programma-20211021.pdf\">GOL (Garanzia dell&#8217;Occupabilit\u00e0 dei lavoratori)<\/a> del PNRR (Piano Nazionale Resilienza e Resistenza), parte della MISSIONE 5, perno dell&#8217;azione di riforma nel campo delle politiche attive del lavoro, che oltre al GOL prevede l&#8217;avvio di un Nuovo Piano Nazionale delle Competenze, il rafforzamento dei centri per l&#8217;impiego e del <a href=\"https:\/\/www.lavoro.gov.it\/temi-e-priorita\/orientamento-e-formazione\/focus-on\/Sistema-duale\/Pagine\/default.aspx\">sistema duale<\/a>. La durata del programma coincide con quella del PNRR ed \u00e8 quindi il quinquennio 2021\/2025.<\/p>\n<p><strong><a href=\"https:\/\/www.lavoro.gov.it\/priorita\/Pagine\/La-Rete-della-protezione-e-dell-inclusione-sociale-approva-il-nuovo-Piano-nazionale-degli-interventi-e-dei-servizi-sociali.aspx\">La Rete della protezione e dell\u2019inclusione sociale<\/a><\/strong>\u00a0\u00e8 l\u2019organismo nazionale di coordinamento del sistema degli interventi e dei servizi sociali. Presieduta dal Ministro del lavoro e delle politiche sociali ed \u00e8 composta da rappresentanti dei diversi livelli di governo, la Rete \u00e8 una struttura permanente di confronto e programmazione delle politiche sociali, nonch\u00e9 di coinvolgimento nelle decisioni programmatiche del terzo settore, delle parti sociali e degli altri stakeholder. La Rete si articola in Comitati tecnici (tra cui il Comitato per la lotta alla povert\u00e0) ed \u00e8 responsabile dell\u2019elaborazione di tre <strong>Piani nazionali<\/strong>:<\/p>\n<ul>\n<li>il <strong>Piano sociale nazionale<\/strong>, in riferimento al Fondo nazionale per le politiche sociali;<\/li>\n<li>il <strong>Piano per gli interventi e i servizi sociali di contrasto alla povert\u00e0<\/strong>, in riferimento al Fondo povert\u00e0;<\/li>\n<li>il <strong>Piano per la non autosufficienza<\/strong>, in riferimento al Fondo per le non autosufficienze.<\/li>\n<\/ul>\n<p>\u00c8 parte integrante della strategia di contrasto alla povert\u00e0 anche il <strong><a href=\"https:\/\/www.gazzettaufficiale.it\/eli\/id\/2022\/02\/22\/22A01214\/sg\">Il Piano d&#8217;azione per la povert\u00e0 e i servizi sociali 2021-2023<\/a><\/strong>.<\/p>\n<p>Agli obiettivi di inclusione concorrono poi il Fondo nazionale per le politiche giovanili, nonch\u00e9 le risorse risalenti all\u2019Iniziativa per l\u2019Occupazione Giovanile e al programma Garanzia per i Giovani (CFR. <a title=\"1.\tGovernance delle Politiche Giovanili\" href=\"https:\/\/www.politichegiovanili.gov.it\/politiche-giovanili\/attivita-internazionali\/youthwiki\/4-inclusione-sociale\/#\">Capitolo 1<\/a> e <a title=\"3. Lavoro e imprenditoria\" href=\"https:\/\/www.politichegiovanili.gov.it\/politiche-giovanili\/attivita-internazionali\/youthwiki\/4-inclusione-sociale\/#\">Capitolo 3<\/a>).<\/p>\n<\/div>\n\t\t<\/div><\/div><\/div><\/div>","protected":false},"excerpt":{"rendered":"<p>Povert\u00e0 ed esclusione sociale sono fenomeni complessi, che dipendono da numerosi fattori. Sono collegati alla mancanza di reddito, ma anche all&#8217;accesso alle opportunit\u00e0 e alla &#8230; <\/p>\n","protected":false},"author":2,"featured_media":0,"parent":0,"menu_order":0,"comment_status":"closed","ping_status":"closed","template":"","meta":{"footnotes":""},"yoast_head":"<!-- This site is optimized with the Yoast SEO plugin v22.6 - https:\/\/yoast.com\/wordpress\/plugins\/seo\/ -->\r\n<title>Giovani - Ambito Sociale 3<\/title>\r\n<meta name=\"robots\" content=\"index, follow, max-snippet:-1, max-image-preview:large, max-video-preview:-1\" \/>\r\n<link rel=\"canonical\" href=\"https:\/\/sociale.catrianerone.pu.it\/?page_id=1038\" \/>\r\n<meta property=\"og:locale\" content=\"it_IT\" \/>\r\n<meta property=\"og:type\" content=\"article\" \/>\r\n<meta property=\"og:title\" content=\"Giovani - Ambito Sociale 3\" \/>\r\n<meta property=\"og:description\" content=\"Povert\u00e0 ed esclusione sociale sono fenomeni complessi, che dipendono da numerosi fattori. Sono collegati alla mancanza di reddito, ma anche all&#039;accesso alle opportunit\u00e0 e alla ...\" \/>\r\n<meta property=\"og:url\" content=\"https:\/\/sociale.catrianerone.pu.it\/?page_id=1038\" \/>\r\n<meta property=\"og:site_name\" content=\"Ambito Sociale 3\" \/>\r\n<meta property=\"article:publisher\" content=\"https:\/\/www.facebook.com\/profile.php?id=100064800606320\" \/>\r\n<meta property=\"article:modified_time\" content=\"2022-11-29T06:48:30+00:00\" \/>\r\n<meta name=\"twitter:card\" content=\"summary_large_image\" \/>\r\n<script type=\"application\/ld+json\" class=\"yoast-schema-graph\">{\"@context\":\"https:\/\/schema.org\",\"@graph\":[{\"@type\":\"WebPage\",\"@id\":\"https:\/\/sociale.catrianerone.pu.it\/?page_id=1038\",\"url\":\"https:\/\/sociale.catrianerone.pu.it\/?page_id=1038\",\"name\":\"Giovani - Ambito Sociale 3\",\"isPartOf\":{\"@id\":\"https:\/\/sociale.catrianerone.pu.it\/#website\"},\"datePublished\":\"2022-11-29T06:48:29+00:00\",\"dateModified\":\"2022-11-29T06:48:30+00:00\",\"breadcrumb\":{\"@id\":\"https:\/\/sociale.catrianerone.pu.it\/?page_id=1038#breadcrumb\"},\"inLanguage\":\"it-IT\",\"potentialAction\":[{\"@type\":\"ReadAction\",\"target\":[\"https:\/\/sociale.catrianerone.pu.it\/?page_id=1038\"]}]},{\"@type\":\"BreadcrumbList\",\"@id\":\"https:\/\/sociale.catrianerone.pu.it\/?page_id=1038#breadcrumb\",\"itemListElement\":[{\"@type\":\"ListItem\",\"position\":1,\"name\":\"Home\",\"item\":\"https:\/\/sociale.catrianerone.pu.it\/\"},{\"@type\":\"ListItem\",\"position\":2,\"name\":\"Giovani\"}]},{\"@type\":\"WebSite\",\"@id\":\"https:\/\/sociale.catrianerone.pu.it\/#website\",\"url\":\"https:\/\/sociale.catrianerone.pu.it\/\",\"name\":\"Ambito Sociale 3\",\"description\":\"Sito dei Servizi Sociali dell&#039;Unione Montana del Catria e Nerone\",\"publisher\":{\"@id\":\"https:\/\/sociale.catrianerone.pu.it\/#organization\"},\"potentialAction\":[{\"@type\":\"SearchAction\",\"target\":{\"@type\":\"EntryPoint\",\"urlTemplate\":\"https:\/\/sociale.catrianerone.pu.it\/?s={search_term_string}\"},\"query-input\":\"required name=search_term_string\"}],\"inLanguage\":\"it-IT\"},{\"@type\":\"Organization\",\"@id\":\"https:\/\/sociale.catrianerone.pu.it\/#organization\",\"name\":\"Ambito Sociale 3\",\"url\":\"https:\/\/sociale.catrianerone.pu.it\/\",\"logo\":{\"@type\":\"ImageObject\",\"inLanguage\":\"it-IT\",\"@id\":\"https:\/\/sociale.catrianerone.pu.it\/#\/schema\/logo\/image\/\",\"url\":\"https:\/\/sociale.catrianerone.pu.it\/wp-content\/uploads\/2022\/11\/logo-Ambito3.png\",\"contentUrl\":\"https:\/\/sociale.catrianerone.pu.it\/wp-content\/uploads\/2022\/11\/logo-Ambito3.png\",\"width\":483,\"height\":149,\"caption\":\"Ambito Sociale 3\"},\"image\":{\"@id\":\"https:\/\/sociale.catrianerone.pu.it\/#\/schema\/logo\/image\/\"},\"sameAs\":[\"https:\/\/www.facebook.com\/profile.php?id=100064800606320\"]}]}<\/script>\r\n<!-- \/ Yoast SEO plugin. -->","yoast_head_json":{"title":"Giovani - Ambito Sociale 3","robots":{"index":"index","follow":"follow","max-snippet":"max-snippet:-1","max-image-preview":"max-image-preview:large","max-video-preview":"max-video-preview:-1"},"canonical":"https:\/\/sociale.catrianerone.pu.it\/?page_id=1038","og_locale":"it_IT","og_type":"article","og_title":"Giovani - Ambito Sociale 3","og_description":"Povert\u00e0 ed esclusione sociale sono fenomeni complessi, che dipendono da numerosi fattori. Sono collegati alla mancanza di reddito, ma anche all'accesso alle opportunit\u00e0 e alla ...","og_url":"https:\/\/sociale.catrianerone.pu.it\/?page_id=1038","og_site_name":"Ambito Sociale 3","article_publisher":"https:\/\/www.facebook.com\/profile.php?id=100064800606320","article_modified_time":"2022-11-29T06:48:30+00:00","twitter_card":"summary_large_image","schema":{"@context":"https:\/\/schema.org","@graph":[{"@type":"WebPage","@id":"https:\/\/sociale.catrianerone.pu.it\/?page_id=1038","url":"https:\/\/sociale.catrianerone.pu.it\/?page_id=1038","name":"Giovani - Ambito Sociale 3","isPartOf":{"@id":"https:\/\/sociale.catrianerone.pu.it\/#website"},"datePublished":"2022-11-29T06:48:29+00:00","dateModified":"2022-11-29T06:48:30+00:00","breadcrumb":{"@id":"https:\/\/sociale.catrianerone.pu.it\/?page_id=1038#breadcrumb"},"inLanguage":"it-IT","potentialAction":[{"@type":"ReadAction","target":["https:\/\/sociale.catrianerone.pu.it\/?page_id=1038"]}]},{"@type":"BreadcrumbList","@id":"https:\/\/sociale.catrianerone.pu.it\/?page_id=1038#breadcrumb","itemListElement":[{"@type":"ListItem","position":1,"name":"Home","item":"https:\/\/sociale.catrianerone.pu.it\/"},{"@type":"ListItem","position":2,"name":"Giovani"}]},{"@type":"WebSite","@id":"https:\/\/sociale.catrianerone.pu.it\/#website","url":"https:\/\/sociale.catrianerone.pu.it\/","name":"Ambito Sociale 3","description":"Sito dei Servizi Sociali dell&#039;Unione Montana del Catria e Nerone","publisher":{"@id":"https:\/\/sociale.catrianerone.pu.it\/#organization"},"potentialAction":[{"@type":"SearchAction","target":{"@type":"EntryPoint","urlTemplate":"https:\/\/sociale.catrianerone.pu.it\/?s={search_term_string}"},"query-input":"required name=search_term_string"}],"inLanguage":"it-IT"},{"@type":"Organization","@id":"https:\/\/sociale.catrianerone.pu.it\/#organization","name":"Ambito Sociale 3","url":"https:\/\/sociale.catrianerone.pu.it\/","logo":{"@type":"ImageObject","inLanguage":"it-IT","@id":"https:\/\/sociale.catrianerone.pu.it\/#\/schema\/logo\/image\/","url":"https:\/\/sociale.catrianerone.pu.it\/wp-content\/uploads\/2022\/11\/logo-Ambito3.png","contentUrl":"https:\/\/sociale.catrianerone.pu.it\/wp-content\/uploads\/2022\/11\/logo-Ambito3.png","width":483,"height":149,"caption":"Ambito Sociale 3"},"image":{"@id":"https:\/\/sociale.catrianerone.pu.it\/#\/schema\/logo\/image\/"},"sameAs":["https:\/\/www.facebook.com\/profile.php?id=100064800606320"]}]}},"_links":{"self":[{"href":"https:\/\/sociale.catrianerone.pu.it\/index.php?rest_route=\/wp\/v2\/pages\/1038"}],"collection":[{"href":"https:\/\/sociale.catrianerone.pu.it\/index.php?rest_route=\/wp\/v2\/pages"}],"about":[{"href":"https:\/\/sociale.catrianerone.pu.it\/index.php?rest_route=\/wp\/v2\/types\/page"}],"author":[{"embeddable":true,"href":"https:\/\/sociale.catrianerone.pu.it\/index.php?rest_route=\/wp\/v2\/users\/2"}],"replies":[{"embeddable":true,"href":"https:\/\/sociale.catrianerone.pu.it\/index.php?rest_route=%2Fwp%2Fv2%2Fcomments&post=1038"}],"version-history":[{"count":2,"href":"https:\/\/sociale.catrianerone.pu.it\/index.php?rest_route=\/wp\/v2\/pages\/1038\/revisions"}],"predecessor-version":[{"id":1041,"href":"https:\/\/sociale.catrianerone.pu.it\/index.php?rest_route=\/wp\/v2\/pages\/1038\/revisions\/1041"}],"wp:attachment":[{"href":"https:\/\/sociale.catrianerone.pu.it\/index.php?rest_route=%2Fwp%2Fv2%2Fmedia&parent=1038"}],"curies":[{"name":"wp","href":"https:\/\/api.w.org\/{rel}","templated":true}]}}