{"id":1587,"date":"2025-08-26T10:48:25","date_gmt":"2025-08-26T10:48:25","guid":{"rendered":"https:\/\/sociale.catrianerone.pu.it\/?page_id=1587"},"modified":"2025-08-26T14:14:26","modified_gmt":"2025-08-26T14:14:26","slug":"ufficio-di-prossimita","status":"publish","type":"page","link":"https:\/\/sociale.catrianerone.pu.it\/?page_id=1587","title":{"rendered":"Ufficio di prossimit\u00e0"},"content":{"rendered":"<div id=\"pl-1587\"  class=\"panel-layout\" ><div id=\"pg-1587-0\"  class=\"panel-grid panel-no-style\" ><div id=\"pgc-1587-0-0\"  class=\"panel-grid-cell\" ><div id=\"panel-1587-0-0-0\" class=\"so-panel widget widget_text panel-first-child panel-last-child\" data-index=\"0\" >\t\t\t<div class=\"textwidget\"><p><img decoding=\"async\" loading=\"lazy\" class=\"wp-image-1589 size-full aligncenter\" src=\"https:\/\/sociale.catrianerone.pu.it\/wp-content\/uploads\/2025\/08\/ufficioprossimita.png\" alt=\"\" width=\"760\" height=\"227\" srcset=\"https:\/\/sociale.catrianerone.pu.it\/wp-content\/uploads\/2025\/08\/ufficioprossimita.png 760w, https:\/\/sociale.catrianerone.pu.it\/wp-content\/uploads\/2025\/08\/ufficioprossimita-300x90.png 300w\" sizes=\"(max-width: 760px) 100vw, 760px\" \/><\/p>\n<p><strong>Descrizione<\/strong><\/p>\n<p>L&#8217;Ufficio di Prossimit\u00e0 del Catria e Nerone \u00e8 stato istituito grazie all\u2019opportunit\u00e0 fornita dalla Regione Marche, colta con favore dai Sindaci di questo territorio, nell&#8217;Ambito di un progetto finanziato dall\u2019Unione Europea mediante il Programma Operativo Complementare al Programma Operativo Nazionale Governance e Capacita\u0300 Istituzionale 2014-2020, coordinato dal Ministero della Giustizia sull\u2019intero territorio nazionale.<\/p>\n<p><strong>A chi \u00e8 rivolto<\/strong><\/p>\n<p>L\u2019Ufficio di Prossimit\u00e0 \u00e8 un servizio gratuito a cui possono accedere i cittadini residenti nei comuni afferenti all\u2019ATS 3, ed \u00e8 rivolto in special modo a quella fascia di popolazione pi\u00f9 fragile che necessita di maggior tutela e cura (anziani e i disabili).<\/p>\n<p><strong>Competenze<\/strong><\/p>\n<p>L&#8217;Ufficio di Prossimit\u00e0 svolge attivit\u00e0 di orientamento e prima informazione per tutte quelle pratiche di Volontaria Giurisdizione per le quali non \u00e8 obbligatorio l\u2019intervento di un Avvocato (amministrazioni di sostegno, le tutele o le istanze destinate al Giudice tutelare in materia di minori).<br \/>\nInoltre presso l\u2019Udp sar\u00e0 possibile depositare telematicamente alle cancellerie dei Tribunali territorialmente competenti la relativa documentazione, attraverso il personale dell\u2019ATS 3, opportunamente formato, evitando che i cittadini debbano recarsi fisicamente presso i Tribunali di Urbino o Pesaro.<\/p>\n<p><strong>Sede, orari e contatti<\/strong><\/p>\n<p>Il Servizio e\u0300 gratuito<br \/>\nRiceviamo <span style=\"text-decoration: underline;\">su appuntamento<\/span><\/p>\n<p><span style=\"text-decoration: underline;\">ogni mercoled\u00ec dalle ore 09:30 alle ore 12:30 <\/span><br \/>\n<span style=\"text-decoration: underline;\">ed ogni gioved\u00ec dalle ore 14.30 alle ore 17.30<\/span><\/p>\n<p><em>Al piano terra del palazzo dell\u2019Unione Montana del Catria e Nerone <\/em><br \/>\n<em>presso Ambito Territoriale Sociale n. 3 \u2013 Via G. Lapis, 10 \u2013 61043 Cagli (PU)<\/em><\/p>\n<p><strong>Per informazioni e appuntamenti:<\/strong><\/p>\n<p>0721 781088 (attivo dal luned\u00ec al venerd\u00ec, dalle 09:00 alle 13:00 e il marted\u00ec e gioved\u00ec dalle 15.00 alle 17.00)<\/p>\n<p><a href=\"mailto:ats3.ufficiodiprossimita@cm-cagli.ps.it\">ats3.ufficiodiprossimita@cm-cagli.ps.it<\/a><\/p>\n<p><strong>Responsabile<\/strong><\/p>\n<p>Dott.ssa Antonina Iannolo &#8211; Resp. del Settore Servizi Sociali ATS 3 \u2013 Coordinatrice d\u2019Ambito<\/p>\n<p><strong>Personale dedicato<\/strong><\/p>\n<p>Dott.ssa Antonina Iannolo \u2013 Resp. del Settore<br \/>\nDott.ssa Mara Pecorelli &#8211; Assistente Sociale<br \/>\nDott.ssa Gloria Mei &#8211; Assistente Sociale<br \/>\nVanessa Giovanotti \u2013 Istruttore Amministrativo<\/p>\n<\/div>\n\t\t<\/div><\/div><\/div><\/div>","protected":false},"excerpt":{"rendered":"<p>Descrizione L&#8217;Ufficio di Prossimit\u00e0 del Catria e Nerone \u00e8 stato istituito grazie all\u2019opportunit\u00e0 fornita dalla Regione Marche, colta con favore dai Sindaci di questo territorio, &#8230; <\/p>\n","protected":false},"author":6,"featured_media":0,"parent":0,"menu_order":0,"comment_status":"closed","ping_status":"closed","template":"","meta":{"footnotes":""},"yoast_head":"<!-- This site is optimized with the Yoast SEO plugin v22.6 - https:\/\/yoast.com\/wordpress\/plugins\/seo\/ -->\r\n<title>Ufficio di prossimit\u00e0 - Ambito Sociale 3<\/title>\r\n<meta name=\"robots\" content=\"index, follow, max-snippet:-1, max-image-preview:large, max-video-preview:-1\" \/>\r\n<link rel=\"canonical\" href=\"https:\/\/sociale.catrianerone.pu.it\/?page_id=1587\" \/>\r\n<meta property=\"og:locale\" content=\"it_IT\" \/>\r\n<meta property=\"og:type\" content=\"article\" \/>\r\n<meta property=\"og:title\" content=\"Ufficio di prossimit\u00e0 - Ambito Sociale 3\" \/>\r\n<meta property=\"og:description\" content=\"Descrizione L&#039;Ufficio di Prossimit\u00e0 del Catria e Nerone \u00e8 stato istituito grazie all\u2019opportunit\u00e0 fornita dalla Regione Marche, colta con favore dai Sindaci di questo territorio, ...\" \/>\r\n<meta property=\"og:url\" content=\"https:\/\/sociale.catrianerone.pu.it\/?page_id=1587\" \/>\r\n<meta property=\"og:site_name\" content=\"Ambito Sociale 3\" \/>\r\n<meta property=\"article:publisher\" content=\"https:\/\/www.facebook.com\/profile.php?id=100064800606320\" \/>\r\n<meta property=\"article:modified_time\" content=\"2025-08-26T14:14:26+00:00\" \/>\r\n<meta property=\"og:image\" content=\"https:\/\/sociale.catrianerone.pu.it\/wp-content\/uploads\/2025\/08\/ufficioprossimita.png\" \/>\r\n<meta name=\"twitter:card\" content=\"summary_large_image\" \/>\r\n<meta name=\"twitter:label1\" content=\"Tempo di lettura stimato\" \/>\n\t<meta name=\"twitter:data1\" content=\"2 minuti\" \/>\r\n<script type=\"application\/ld+json\" class=\"yoast-schema-graph\">{\"@context\":\"https:\/\/schema.org\",\"@graph\":[{\"@type\":\"WebPage\",\"@id\":\"https:\/\/sociale.catrianerone.pu.it\/?page_id=1587\",\"url\":\"https:\/\/sociale.catrianerone.pu.it\/?page_id=1587\",\"name\":\"Ufficio di prossimit\u00e0 - Ambito Sociale 3\",\"isPartOf\":{\"@id\":\"https:\/\/sociale.catrianerone.pu.it\/#website\"},\"primaryImageOfPage\":{\"@id\":\"https:\/\/sociale.catrianerone.pu.it\/?page_id=1587#primaryimage\"},\"image\":{\"@id\":\"https:\/\/sociale.catrianerone.pu.it\/?page_id=1587#primaryimage\"},\"thumbnailUrl\":\"https:\/\/sociale.catrianerone.pu.it\/wp-content\/uploads\/2025\/08\/ufficioprossimita.png\",\"datePublished\":\"2025-08-26T10:48:25+00:00\",\"dateModified\":\"2025-08-26T14:14:26+00:00\",\"breadcrumb\":{\"@id\":\"https:\/\/sociale.catrianerone.pu.it\/?page_id=1587#breadcrumb\"},\"inLanguage\":\"it-IT\",\"potentialAction\":[{\"@type\":\"ReadAction\",\"target\":[\"https:\/\/sociale.catrianerone.pu.it\/?page_id=1587\"]}]},{\"@type\":\"ImageObject\",\"inLanguage\":\"it-IT\",\"@id\":\"https:\/\/sociale.catrianerone.pu.it\/?page_id=1587#primaryimage\",\"url\":\"https:\/\/sociale.catrianerone.pu.it\/wp-content\/uploads\/2025\/08\/ufficioprossimita.png\",\"contentUrl\":\"https:\/\/sociale.catrianerone.pu.it\/wp-content\/uploads\/2025\/08\/ufficioprossimita.png\",\"width\":760,\"height\":227},{\"@type\":\"BreadcrumbList\",\"@id\":\"https:\/\/sociale.catrianerone.pu.it\/?page_id=1587#breadcrumb\",\"itemListElement\":[{\"@type\":\"ListItem\",\"position\":1,\"name\":\"Home\",\"item\":\"https:\/\/sociale.catrianerone.pu.it\/\"},{\"@type\":\"ListItem\",\"position\":2,\"name\":\"Ufficio di prossimit\u00e0\"}]},{\"@type\":\"WebSite\",\"@id\":\"https:\/\/sociale.catrianerone.pu.it\/#website\",\"url\":\"https:\/\/sociale.catrianerone.pu.it\/\",\"name\":\"Ambito Sociale 3\",\"description\":\"Sito dei Servizi Sociali dell&#039;Unione Montana del Catria e Nerone\",\"publisher\":{\"@id\":\"https:\/\/sociale.catrianerone.pu.it\/#organization\"},\"potentialAction\":[{\"@type\":\"SearchAction\",\"target\":{\"@type\":\"EntryPoint\",\"urlTemplate\":\"https:\/\/sociale.catrianerone.pu.it\/?s={search_term_string}\"},\"query-input\":\"required name=search_term_string\"}],\"inLanguage\":\"it-IT\"},{\"@type\":\"Organization\",\"@id\":\"https:\/\/sociale.catrianerone.pu.it\/#organization\",\"name\":\"Ambito Sociale 3\",\"url\":\"https:\/\/sociale.catrianerone.pu.it\/\",\"logo\":{\"@type\":\"ImageObject\",\"inLanguage\":\"it-IT\",\"@id\":\"https:\/\/sociale.catrianerone.pu.it\/#\/schema\/logo\/image\/\",\"url\":\"https:\/\/sociale.catrianerone.pu.it\/wp-content\/uploads\/2022\/11\/logo-Ambito3.png\",\"contentUrl\":\"https:\/\/sociale.catrianerone.pu.it\/wp-content\/uploads\/2022\/11\/logo-Ambito3.png\",\"width\":483,\"height\":149,\"caption\":\"Ambito Sociale 3\"},\"image\":{\"@id\":\"https:\/\/sociale.catrianerone.pu.it\/#\/schema\/logo\/image\/\"},\"sameAs\":[\"https:\/\/www.facebook.com\/profile.php?id=100064800606320\"]}]}<\/script>\r\n<!-- \/ Yoast SEO plugin. -->","yoast_head_json":{"title":"Ufficio di prossimit\u00e0 - Ambito Sociale 3","robots":{"index":"index","follow":"follow","max-snippet":"max-snippet:-1","max-image-preview":"max-image-preview:large","max-video-preview":"max-video-preview:-1"},"canonical":"https:\/\/sociale.catrianerone.pu.it\/?page_id=1587","og_locale":"it_IT","og_type":"article","og_title":"Ufficio di prossimit\u00e0 - Ambito Sociale 3","og_description":"Descrizione L'Ufficio di Prossimit\u00e0 del Catria e Nerone \u00e8 stato istituito grazie all\u2019opportunit\u00e0 fornita dalla Regione Marche, colta con favore dai Sindaci di questo territorio, ...","og_url":"https:\/\/sociale.catrianerone.pu.it\/?page_id=1587","og_site_name":"Ambito Sociale 3","article_publisher":"https:\/\/www.facebook.com\/profile.php?id=100064800606320","article_modified_time":"2025-08-26T14:14:26+00:00","og_image":[{"url":"https:\/\/sociale.catrianerone.pu.it\/wp-content\/uploads\/2025\/08\/ufficioprossimita.png"}],"twitter_card":"summary_large_image","twitter_misc":{"Tempo di lettura stimato":"2 minuti"},"schema":{"@context":"https:\/\/schema.org","@graph":[{"@type":"WebPage","@id":"https:\/\/sociale.catrianerone.pu.it\/?page_id=1587","url":"https:\/\/sociale.catrianerone.pu.it\/?page_id=1587","name":"Ufficio di prossimit\u00e0 - Ambito Sociale 3","isPartOf":{"@id":"https:\/\/sociale.catrianerone.pu.it\/#website"},"primaryImageOfPage":{"@id":"https:\/\/sociale.catrianerone.pu.it\/?page_id=1587#primaryimage"},"image":{"@id":"https:\/\/sociale.catrianerone.pu.it\/?page_id=1587#primaryimage"},"thumbnailUrl":"https:\/\/sociale.catrianerone.pu.it\/wp-content\/uploads\/2025\/08\/ufficioprossimita.png","datePublished":"2025-08-26T10:48:25+00:00","dateModified":"2025-08-26T14:14:26+00:00","breadcrumb":{"@id":"https:\/\/sociale.catrianerone.pu.it\/?page_id=1587#breadcrumb"},"inLanguage":"it-IT","potentialAction":[{"@type":"ReadAction","target":["https:\/\/sociale.catrianerone.pu.it\/?page_id=1587"]}]},{"@type":"ImageObject","inLanguage":"it-IT","@id":"https:\/\/sociale.catrianerone.pu.it\/?page_id=1587#primaryimage","url":"https:\/\/sociale.catrianerone.pu.it\/wp-content\/uploads\/2025\/08\/ufficioprossimita.png","contentUrl":"https:\/\/sociale.catrianerone.pu.it\/wp-content\/uploads\/2025\/08\/ufficioprossimita.png","width":760,"height":227},{"@type":"BreadcrumbList","@id":"https:\/\/sociale.catrianerone.pu.it\/?page_id=1587#breadcrumb","itemListElement":[{"@type":"ListItem","position":1,"name":"Home","item":"https:\/\/sociale.catrianerone.pu.it\/"},{"@type":"ListItem","position":2,"name":"Ufficio di prossimit\u00e0"}]},{"@type":"WebSite","@id":"https:\/\/sociale.catrianerone.pu.it\/#website","url":"https:\/\/sociale.catrianerone.pu.it\/","name":"Ambito Sociale 3","description":"Sito dei Servizi Sociali dell&#039;Unione Montana del Catria e Nerone","publisher":{"@id":"https:\/\/sociale.catrianerone.pu.it\/#organization"},"potentialAction":[{"@type":"SearchAction","target":{"@type":"EntryPoint","urlTemplate":"https:\/\/sociale.catrianerone.pu.it\/?s={search_term_string}"},"query-input":"required name=search_term_string"}],"inLanguage":"it-IT"},{"@type":"Organization","@id":"https:\/\/sociale.catrianerone.pu.it\/#organization","name":"Ambito Sociale 3","url":"https:\/\/sociale.catrianerone.pu.it\/","logo":{"@type":"ImageObject","inLanguage":"it-IT","@id":"https:\/\/sociale.catrianerone.pu.it\/#\/schema\/logo\/image\/","url":"https:\/\/sociale.catrianerone.pu.it\/wp-content\/uploads\/2022\/11\/logo-Ambito3.png","contentUrl":"https:\/\/sociale.catrianerone.pu.it\/wp-content\/uploads\/2022\/11\/logo-Ambito3.png","width":483,"height":149,"caption":"Ambito Sociale 3"},"image":{"@id":"https:\/\/sociale.catrianerone.pu.it\/#\/schema\/logo\/image\/"},"sameAs":["https:\/\/www.facebook.com\/profile.php?id=100064800606320"]}]}},"_links":{"self":[{"href":"https:\/\/sociale.catrianerone.pu.it\/index.php?rest_route=\/wp\/v2\/pages\/1587"}],"collection":[{"href":"https:\/\/sociale.catrianerone.pu.it\/index.php?rest_route=\/wp\/v2\/pages"}],"about":[{"href":"https:\/\/sociale.catrianerone.pu.it\/index.php?rest_route=\/wp\/v2\/types\/page"}],"author":[{"embeddable":true,"href":"https:\/\/sociale.catrianerone.pu.it\/index.php?rest_route=\/wp\/v2\/users\/6"}],"replies":[{"embeddable":true,"href":"https:\/\/sociale.catrianerone.pu.it\/index.php?rest_route=%2Fwp%2Fv2%2Fcomments&post=1587"}],"version-history":[{"count":3,"href":"https:\/\/sociale.catrianerone.pu.it\/index.php?rest_route=\/wp\/v2\/pages\/1587\/revisions"}],"predecessor-version":[{"id":1592,"href":"https:\/\/sociale.catrianerone.pu.it\/index.php?rest_route=\/wp\/v2\/pages\/1587\/revisions\/1592"}],"wp:attachment":[{"href":"https:\/\/sociale.catrianerone.pu.it\/index.php?rest_route=%2Fwp%2Fv2%2Fmedia&parent=1587"}],"curies":[{"name":"wp","href":"https:\/\/api.w.org\/{rel}","templated":true}]}}