{"id":253,"date":"2019-09-17T08:42:41","date_gmt":"2019-09-17T08:42:41","guid":{"rendered":"http:\/\/sociale.catrianerone.pu.it\/?page_id=253"},"modified":"2022-11-29T06:58:06","modified_gmt":"2022-11-29T06:58:06","slug":"accoglienza","status":"publish","type":"page","link":"https:\/\/sociale.catrianerone.pu.it\/?page_id=253","title":{"rendered":"Accoglienza"},"content":{"rendered":"<div id=\"pl-253\"  class=\"panel-layout\" ><div id=\"pg-253-0\"  class=\"panel-grid panel-no-style\" ><div id=\"pgc-253-0-0\"  class=\"panel-grid-cell\" ><div id=\"panel-253-0-0-0\" class=\"so-panel widget widget_media_image panel-first-child\" data-index=\"0\" ><img width=\"1170\" height=\"750\" src=\"https:\/\/sociale.catrianerone.pu.it\/wp-content\/uploads\/2022\/11\/20478-1170x750-1.jpg\" class=\"image wp-image-1003  attachment-full size-full\" alt=\"\" decoding=\"async\" style=\"max-width: 100%; height: auto;\" srcset=\"https:\/\/sociale.catrianerone.pu.it\/wp-content\/uploads\/2022\/11\/20478-1170x750-1.jpg 1170w, https:\/\/sociale.catrianerone.pu.it\/wp-content\/uploads\/2022\/11\/20478-1170x750-1-300x192.jpg 300w, https:\/\/sociale.catrianerone.pu.it\/wp-content\/uploads\/2022\/11\/20478-1170x750-1-1024x656.jpg 1024w, https:\/\/sociale.catrianerone.pu.it\/wp-content\/uploads\/2022\/11\/20478-1170x750-1-768x492.jpg 768w\" sizes=\"(max-width: 1170px) 100vw, 1170px\" \/><\/div><div id=\"panel-253-0-0-1\" class=\"so-panel widget widget_sow-editor panel-last-child\" data-index=\"1\" ><div\n\t\t\t\n\t\t\tclass=\"so-widget-sow-editor so-widget-sow-editor-base\"\n\t\t\t\n\t\t>\n<div class=\"siteorigin-widget-tinymce textwidget\">\n\t<p><img decoding=\"async\" src=\"wp-content\/uploads\/accoglienza.jpg\" alt=\"\" \/><strong style=\"font-size: 16px;\">PUA \u2013 PUNTO UNICO DI ACCESSO<\/strong><\/p>\n<div>\n<p>Il PUA \u00e8 un servizio gratuito specialistico di informazione e accompagnamento sociale rivolto a tutti i cittadini che hanno bisogno di richiedere informazioni e trovare risposte ai bisogni in materia sociale e sanitaria.<\/p>\n<p><strong>COME SI ACCEDE AL PUA<\/strong><\/p>\n<p>Per accedere al PUA basta rivolgersi presso lo sportello presente c\/o l\u2019Ufficio di Coordinamento dell\u2019Ambito XIX dove un operatore o un Assistente Sociale professionista fornir\u00e0 un primo orientamento \u2013 accompagnamento:<br \/>\nascolto-accoglienza della domanda, valutazione della situazione e successivo indirizzo verso gli uffici e settori competenti.<\/p>\n<p><strong>COSA FA IL PUA<\/strong><\/p>\n<p>Offre, attraverso i suoi sportelli interni ed esterni, prestazioni di segretariato sociale, informazione, accoglienza, ascolto, consulenza, orientamento ed accompagnamento. disbrigo pratiche relativamente ai servizi sociali e sanitari.<\/p>\n<p>Favorisce la promozione di iniziative di solidariet\u00e0 sociale, oltrech\u00e8 di auto-organizzazione dei singoli e delle famiglie; \u00e8 un primo significativo livello di aggregazione dei dati, di verifica e di analisi della domanda e dell\u2019offerta dei servizi sociali e sanitari e fornisce agli amministratori locali e all\u2019Ambito una panoramica costante e aggiornata sulla situazione dei servizi in rapporto alla necessit\u00e0 della popolazione del territorio.<\/p>\n<p>Si differenzia da uno sportello comunale (Ufficio Relazioni con il Pubblico) in quanto si tratta di un\u2019informazione non generalizzata ma personalizzata, ossia che tende a rispondere a esigenze e\/o richieste personali del soggetto.<\/p>\n<p>Non si occupa del disbrigo di pratiche amministrative (es: ISEE) ma fornisce dirette indicazioni al cittadino in merito a pratiche e, qualora necessario, attiva collegamenti con gli sportelli competenti (es: compilazione modelli ISEE tramite gli sportelli dei patronati).<\/p>\n<p><strong>IL PUA INFORMA SU:<\/strong><\/p>\n<p>SOCIALE: servizi comunali, quali servizi per infanzia ed adolescenza, famiglie, anziani, immigrati, disabili; risorse informali quali associazioni di volontariato, centri sociali anziani, cooperative, gruppi di mutuo aiuto.<br \/>\nSANITA\u2019: servizi quali Distretti Sanitari, ospedali, procedure di accesso per prestazioni sanitarie.<\/p>\n<p>AMMINISTRATIVO: informazioni riguardanti bandi, avvisi di carattere socio-assistenziale (SIA, HOME CARE PREMIUM, Assegno di Cura).<\/p>\n<p><strong>LA SEDE DEL PUA:<\/strong><\/p>\n<p>Ambito Sociale 3 Catria e Nerone<\/p>\n<p>Via Lapis 8 \u2013 61043 CAGLI (PU)6<\/p>\n<p><strong>GLI OPERATORI DEL PUA:<\/strong><\/p>\n<p>Gli operatori sono preparati ad accogliere ed ascoltare il cittadini e sono in grado di informare e orientare le persone rendendole cos\u00ec consapevoli delle proprie scelte. Sono supportati nelle loro attivit\u00e0 da un database informatico condiviso da tutti i centri, nel quale sono inserite informazioni sulle risorse formali ed informali dell\u2019Ambito XIX.<\/p>\n<p><strong>PARTNERS DEL PUA:<\/strong><\/p>\n<p>All\u2019interno del PUA sono presenti alcuni sportelli specialistici molto importanti, alcuni dei quali sono anche dislocati sul territorio.<\/p>\n<\/div>\n<p><!-- {\"type\":\"layout\",\"children\":[{\"type\":\"section\",\"props\":{\"style\":\"default\",\"width\":\"default\",\"vertical_align\":\"middle\",\"title_position\":\"top-left\",\"title_rotation\":\"left\",\"title_breakpoint\":\"xl\",\"image_position\":\"center-center\",\"text_color\":\"\",\"width_expand\":\"\",\"height\":\"\",\"padding\":\"\",\"header_transparent\":\"\",\"animation\":\"\"},\"children\":[{\"type\":\"row\",\"props\":{\"layout\":\"1-1\",\"breakpoint\":\"m\",\"fixed_width\":\"large\",\"gutter\":\"\",\"width\":\"\",\"width_expand\":\"\",\"height\":\"\",\"margin\":\"\"},\"children\":[{\"type\":\"column\",\"props\":{\"widths\":[\"1-1\"],\"image_position\":\"center-center\",\"media_overlay_gradient\":\"\",\"vertical_align\":\"\",\"style\":\"\",\"text_color\":\"\",\"padding\":\"\"},\"children\":[{\"type\":\"image\",\"props\":{\"margin\":\"default\",\"image_svg_color\":\"emphasis\",\"link_target\":\"\",\"image_border\":\"\",\"image_box_shadow\":\"\",\"image_hover_box_shadow\":\"\",\"image_box_decoration\":\"\",\"position\":\"\",\"position_z_index\":\"\",\"maxwidth\":\"\",\"maxwidth_breakpoint\":\"\",\"block_align\":\"\",\"block_align_breakpoint\":\"\",\"block_align_fallback\":\"\",\"text_align\":\"\",\"text_align_breakpoint\":\"\",\"text_align_fallback\":\"\",\"animation\":\"\",\"visibility\":\"\",\"image\":\"wp-content\\\/uploads\\\/accoglienza.jpg\"}},{\"type\":\"headline\",\"props\":{\"title_element\":\"h1\",\"title_style\":\"\",\"title_decoration\":\"\",\"title_font_family\":\"\",\"title_color\":\"\",\"position\":\"\",\"position_z_index\":\"\",\"margin\":\"\",\"maxwidth\":\"\",\"maxwidth_breakpoint\":\"\",\"block_align\":\"\",\"block_align_breakpoint\":\"\",\"block_align_fallback\":\"\",\"text_align\":\"\",\"text_align_breakpoint\":\"\",\"text_align_fallback\":\"\",\"animation\":\"\",\"visibility\":\"\",\"content\":\"Accoglienza\"}},{\"type\":\"text\",\"props\":{\"margin\":\"default\",\"column_breakpoint\":\"m\",\"text_style\":\"\",\"text_color\":\"\",\"text_size\":\"\",\"column\":\"\",\"position\":\"\",\"position_z_index\":\"\",\"maxwidth\":\"\",\"maxwidth_breakpoint\":\"\",\"block_align\":\"\",\"block_align_breakpoint\":\"\",\"block_align_fallback\":\"\",\"text_align\":\"\",\"text_align_breakpoint\":\"\",\"text_align_fallback\":\"\",\"animation\":\"\",\"visibility\":\"\",\"content\":\"\n\n<strong>PUA \\u2013 PUNTO UNICO DI ACCESSO<\\\/strong><\\\/p>\\n\n\nIl PUA \\u00e8 un servizio gratuito specialistico di informazione e accompagnamento sociale rivolto a tutti i cittadini che hanno bisogno di richiedere informazioni e trovare risposte ai bisogni in materia sociale e sanitaria.<\\\/p>\\n\n\n<\/strong><strong>COME SI ACCEDE AL PUA<\\\/strong><\\\/p>\\n\n\nPer accedere al PUA basta rivolgersi presso lo sportello presente c\\\/o l\\u2019Ufficio di Coordinamento dell\\u2019Ambito XIX dove un operatore o un Assistente Sociale professionista fornir\\u00e0 un primo orientamento \\u2013 accompagnamento:<br \\\/>ascolto-accoglienza della domanda, valutazione della situazione e successivo indirizzo verso gli uffici e settori competenti.<\\\/p>\\n\n\n<\/strong><strong>COSA FA IL PUA<\\\/strong><\\\/p>\\n\n\nOffre, attraverso i suoi sportelli interni ed esterni, prestazioni di segretariato sociale, informazione, accoglienza, ascolto, consulenza, orientamento ed accompagnamento. disbrigo pratiche relativamente ai servizi sociali e sanitari.<\\\/p>\\n\n\nFavorisce la promozione di iniziative di solidariet\\u00e0 sociale, oltrech\\u00e8 di auto-organizzazione dei singoli e delle famiglie; \\u00e8 un primo significativo livello di aggregazione dei dati, di verifica e di analisi della domanda e dell\\u2019offerta dei servizi sociali e sanitari e fornisce agli amministratori locali e all\\u2019Ambito una panoramica costante e aggiornata sulla situazione dei servizi in rapporto alla necessit\\u00e0 della popolazione del territorio.<\\\/p>\\n\n\nSi differenzia da uno sportello comunale (Ufficio Relazioni con il Pubblico) in quanto si tratta di un\\u2019informazione non generalizzata ma personalizzata, ossia che tende a rispondere a esigenze e\\\/o richieste personali del soggetto.<\\\/p>\\n\n\nNon si occupa del disbrigo di pratiche amministrative (es: ISEE) ma fornisce dirette indicazioni al cittadino in merito a pratiche e, qualora necessario, attiva collegamenti con gli sportelli competenti (es: compilazione modelli ISEE tramite gli sportelli dei patronati).<\\\/p>\\n\n\n<\/strong><strong>IL PUA INFORMA SU:<\\\/strong><\\\/p>\\n\n\nSOCIALE: servizi comunali, quali servizi per infanzia ed adolescenza, famiglie, anziani, immigrati, disabili; risorse informali quali associazioni di volontariato, centri sociali anziani, cooperative, gruppi di mutuo aiuto.<br \\\/>SANITA\\u2019: servizi quali Distretti Sanitari, ospedali, procedure di accesso per prestazioni sanitarie.<\\\/p>\\n\n\nAMMINISTRATIVO: informazioni riguardanti bandi, avvisi di carattere socio-assistenziale (SIA, HOME CARE PREMIUM, Assegno di Cura).<\\\/p>\\n\n\n<\/strong><strong>LA SEDE DEL PUA:<\\\/strong><\\\/p>\\n\n\nAmbito Sociale 3 Catria e Nerone<\\\/p>\\n\n\nVia Lapis 8 \\u2013 61043 CAGLI (PU)6<\\\/p>\\n\n\n<\/strong><strong>GLI OPERATORI DEL PUA:<\\\/strong><\\\/p>\\n\n\nGli operatori sono preparati ad accogliere ed ascoltare il cittadini e sono in grado di informare e orientare le persone rendendole cos\\u00ec consapevoli delle proprie scelte. Sono supportati nelle loro attivit\\u00e0 da un database informatico condiviso da tutti i centri, nel quale sono inserite informazioni sulle risorse formali ed informali dell\\u2019Ambito XIX.<\\\/p>\\n\n\n<\/strong><strong>PARTNERS DEL PUA:<\\\/strong><\\\/p>\\n\n\nAll\\u2019interno del PUA sono presenti alcuni sportelli specialistici molto importanti, alcuni dei quali sono anche dislocati sul territorio.<\\\/p>\"}}]}]}]}],\"version\":\"1.21.10\"} --><\/strong><\/p>\n<\/div>\n<\/div><\/div><\/div><\/div><\/div>","protected":false},"excerpt":{"rendered":"<p>PUA \u2013 PUNTO UNICO DI ACCESSO Il PUA \u00e8 un servizio gratuito specialistico di informazione e accompagnamento sociale rivolto a tutti i cittadini che hanno &#8230; <\/p>\n","protected":false},"author":2,"featured_media":0,"parent":0,"menu_order":0,"comment_status":"closed","ping_status":"closed","template":"","meta":{"footnotes":""},"yoast_head":"<!-- This site is optimized with the Yoast SEO plugin v22.6 - https:\/\/yoast.com\/wordpress\/plugins\/seo\/ -->\r\n<title>Accoglienza - Ambito Sociale 3<\/title>\r\n<meta name=\"robots\" content=\"index, follow, max-snippet:-1, max-image-preview:large, max-video-preview:-1\" \/>\r\n<link rel=\"canonical\" href=\"https:\/\/sociale.catrianerone.pu.it\/?page_id=253\" \/>\r\n<meta property=\"og:locale\" content=\"it_IT\" \/>\r\n<meta property=\"og:type\" content=\"article\" \/>\r\n<meta property=\"og:title\" content=\"Accoglienza - Ambito Sociale 3\" \/>\r\n<meta property=\"og:description\" content=\"PUA \u2013 PUNTO UNICO DI ACCESSO Il PUA \u00e8 un servizio gratuito specialistico di informazione e accompagnamento sociale rivolto a tutti i cittadini che hanno ...\" \/>\r\n<meta property=\"og:url\" content=\"https:\/\/sociale.catrianerone.pu.it\/?page_id=253\" \/>\r\n<meta property=\"og:site_name\" content=\"Ambito Sociale 3\" \/>\r\n<meta property=\"article:publisher\" content=\"https:\/\/www.facebook.com\/profile.php?id=100064800606320\" \/>\r\n<meta property=\"article:modified_time\" content=\"2022-11-29T06:58:06+00:00\" \/>\r\n<meta name=\"twitter:card\" content=\"summary_large_image\" \/>\r\n<meta name=\"twitter:label1\" content=\"Tempo di lettura stimato\" \/>\n\t<meta name=\"twitter:data1\" content=\"5 minuti\" \/>\r\n<script type=\"application\/ld+json\" class=\"yoast-schema-graph\">{\"@context\":\"https:\/\/schema.org\",\"@graph\":[{\"@type\":\"WebPage\",\"@id\":\"https:\/\/sociale.catrianerone.pu.it\/?page_id=253\",\"url\":\"https:\/\/sociale.catrianerone.pu.it\/?page_id=253\",\"name\":\"Accoglienza - Ambito Sociale 3\",\"isPartOf\":{\"@id\":\"https:\/\/sociale.catrianerone.pu.it\/#website\"},\"datePublished\":\"2019-09-17T08:42:41+00:00\",\"dateModified\":\"2022-11-29T06:58:06+00:00\",\"breadcrumb\":{\"@id\":\"https:\/\/sociale.catrianerone.pu.it\/?page_id=253#breadcrumb\"},\"inLanguage\":\"it-IT\",\"potentialAction\":[{\"@type\":\"ReadAction\",\"target\":[\"https:\/\/sociale.catrianerone.pu.it\/?page_id=253\"]}]},{\"@type\":\"BreadcrumbList\",\"@id\":\"https:\/\/sociale.catrianerone.pu.it\/?page_id=253#breadcrumb\",\"itemListElement\":[{\"@type\":\"ListItem\",\"position\":1,\"name\":\"Home\",\"item\":\"https:\/\/sociale.catrianerone.pu.it\/\"},{\"@type\":\"ListItem\",\"position\":2,\"name\":\"Accoglienza\"}]},{\"@type\":\"WebSite\",\"@id\":\"https:\/\/sociale.catrianerone.pu.it\/#website\",\"url\":\"https:\/\/sociale.catrianerone.pu.it\/\",\"name\":\"Ambito Sociale 3\",\"description\":\"Sito dei Servizi Sociali dell&#039;Unione Montana del Catria e Nerone\",\"publisher\":{\"@id\":\"https:\/\/sociale.catrianerone.pu.it\/#organization\"},\"potentialAction\":[{\"@type\":\"SearchAction\",\"target\":{\"@type\":\"EntryPoint\",\"urlTemplate\":\"https:\/\/sociale.catrianerone.pu.it\/?s={search_term_string}\"},\"query-input\":\"required name=search_term_string\"}],\"inLanguage\":\"it-IT\"},{\"@type\":\"Organization\",\"@id\":\"https:\/\/sociale.catrianerone.pu.it\/#organization\",\"name\":\"Ambito Sociale 3\",\"url\":\"https:\/\/sociale.catrianerone.pu.it\/\",\"logo\":{\"@type\":\"ImageObject\",\"inLanguage\":\"it-IT\",\"@id\":\"https:\/\/sociale.catrianerone.pu.it\/#\/schema\/logo\/image\/\",\"url\":\"https:\/\/sociale.catrianerone.pu.it\/wp-content\/uploads\/2022\/11\/logo-Ambito3.png\",\"contentUrl\":\"https:\/\/sociale.catrianerone.pu.it\/wp-content\/uploads\/2022\/11\/logo-Ambito3.png\",\"width\":483,\"height\":149,\"caption\":\"Ambito Sociale 3\"},\"image\":{\"@id\":\"https:\/\/sociale.catrianerone.pu.it\/#\/schema\/logo\/image\/\"},\"sameAs\":[\"https:\/\/www.facebook.com\/profile.php?id=100064800606320\"]}]}<\/script>\r\n<!-- \/ Yoast SEO plugin. -->","yoast_head_json":{"title":"Accoglienza - Ambito Sociale 3","robots":{"index":"index","follow":"follow","max-snippet":"max-snippet:-1","max-image-preview":"max-image-preview:large","max-video-preview":"max-video-preview:-1"},"canonical":"https:\/\/sociale.catrianerone.pu.it\/?page_id=253","og_locale":"it_IT","og_type":"article","og_title":"Accoglienza - Ambito Sociale 3","og_description":"PUA \u2013 PUNTO UNICO DI ACCESSO Il PUA \u00e8 un servizio gratuito specialistico di informazione e accompagnamento sociale rivolto a tutti i cittadini che hanno ...","og_url":"https:\/\/sociale.catrianerone.pu.it\/?page_id=253","og_site_name":"Ambito Sociale 3","article_publisher":"https:\/\/www.facebook.com\/profile.php?id=100064800606320","article_modified_time":"2022-11-29T06:58:06+00:00","twitter_card":"summary_large_image","twitter_misc":{"Tempo di lettura stimato":"5 minuti"},"schema":{"@context":"https:\/\/schema.org","@graph":[{"@type":"WebPage","@id":"https:\/\/sociale.catrianerone.pu.it\/?page_id=253","url":"https:\/\/sociale.catrianerone.pu.it\/?page_id=253","name":"Accoglienza - Ambito Sociale 3","isPartOf":{"@id":"https:\/\/sociale.catrianerone.pu.it\/#website"},"datePublished":"2019-09-17T08:42:41+00:00","dateModified":"2022-11-29T06:58:06+00:00","breadcrumb":{"@id":"https:\/\/sociale.catrianerone.pu.it\/?page_id=253#breadcrumb"},"inLanguage":"it-IT","potentialAction":[{"@type":"ReadAction","target":["https:\/\/sociale.catrianerone.pu.it\/?page_id=253"]}]},{"@type":"BreadcrumbList","@id":"https:\/\/sociale.catrianerone.pu.it\/?page_id=253#breadcrumb","itemListElement":[{"@type":"ListItem","position":1,"name":"Home","item":"https:\/\/sociale.catrianerone.pu.it\/"},{"@type":"ListItem","position":2,"name":"Accoglienza"}]},{"@type":"WebSite","@id":"https:\/\/sociale.catrianerone.pu.it\/#website","url":"https:\/\/sociale.catrianerone.pu.it\/","name":"Ambito Sociale 3","description":"Sito dei Servizi Sociali dell&#039;Unione Montana del Catria e Nerone","publisher":{"@id":"https:\/\/sociale.catrianerone.pu.it\/#organization"},"potentialAction":[{"@type":"SearchAction","target":{"@type":"EntryPoint","urlTemplate":"https:\/\/sociale.catrianerone.pu.it\/?s={search_term_string}"},"query-input":"required name=search_term_string"}],"inLanguage":"it-IT"},{"@type":"Organization","@id":"https:\/\/sociale.catrianerone.pu.it\/#organization","name":"Ambito Sociale 3","url":"https:\/\/sociale.catrianerone.pu.it\/","logo":{"@type":"ImageObject","inLanguage":"it-IT","@id":"https:\/\/sociale.catrianerone.pu.it\/#\/schema\/logo\/image\/","url":"https:\/\/sociale.catrianerone.pu.it\/wp-content\/uploads\/2022\/11\/logo-Ambito3.png","contentUrl":"https:\/\/sociale.catrianerone.pu.it\/wp-content\/uploads\/2022\/11\/logo-Ambito3.png","width":483,"height":149,"caption":"Ambito Sociale 3"},"image":{"@id":"https:\/\/sociale.catrianerone.pu.it\/#\/schema\/logo\/image\/"},"sameAs":["https:\/\/www.facebook.com\/profile.php?id=100064800606320"]}]}},"_links":{"self":[{"href":"https:\/\/sociale.catrianerone.pu.it\/index.php?rest_route=\/wp\/v2\/pages\/253"}],"collection":[{"href":"https:\/\/sociale.catrianerone.pu.it\/index.php?rest_route=\/wp\/v2\/pages"}],"about":[{"href":"https:\/\/sociale.catrianerone.pu.it\/index.php?rest_route=\/wp\/v2\/types\/page"}],"author":[{"embeddable":true,"href":"https:\/\/sociale.catrianerone.pu.it\/index.php?rest_route=\/wp\/v2\/users\/2"}],"replies":[{"embeddable":true,"href":"https:\/\/sociale.catrianerone.pu.it\/index.php?rest_route=%2Fwp%2Fv2%2Fcomments&post=253"}],"version-history":[{"count":9,"href":"https:\/\/sociale.catrianerone.pu.it\/index.php?rest_route=\/wp\/v2\/pages\/253\/revisions"}],"predecessor-version":[{"id":1046,"href":"https:\/\/sociale.catrianerone.pu.it\/index.php?rest_route=\/wp\/v2\/pages\/253\/revisions\/1046"}],"wp:attachment":[{"href":"https:\/\/sociale.catrianerone.pu.it\/index.php?rest_route=%2Fwp%2Fv2%2Fmedia&parent=253"}],"curies":[{"name":"wp","href":"https:\/\/api.w.org\/{rel}","templated":true}]}}