{"id":330,"date":"2019-09-19T06:26:43","date_gmt":"2019-09-19T06:26:43","guid":{"rendered":"http:\/\/sociale.catrianerone.pu.it\/?page_id=330"},"modified":"2022-11-29T06:39:54","modified_gmt":"2022-11-29T06:39:54","slug":"poverta-e-disagio-adulto","status":"publish","type":"page","link":"https:\/\/sociale.catrianerone.pu.it\/?page_id=330","title":{"rendered":"Povert\u00e0 e Disagio Adulto"},"content":{"rendered":"<div id=\"pl-330\"  class=\"panel-layout\" ><div id=\"pg-330-0\"  class=\"panel-grid panel-no-style\" ><div id=\"pgc-330-0-0\"  class=\"panel-grid-cell\" ><div id=\"panel-330-0-0-0\" class=\"so-panel widget widget_media_image panel-first-child\" data-index=\"0\" ><img width=\"1921\" height=\"1280\" src=\"https:\/\/sociale.catrianerone.pu.it\/wp-content\/uploads\/2022\/11\/AdobeStock_145619188.jpg\" class=\"image wp-image-1026  attachment-full size-full\" alt=\"\" decoding=\"async\" style=\"max-width: 100%; height: auto;\" srcset=\"https:\/\/sociale.catrianerone.pu.it\/wp-content\/uploads\/2022\/11\/AdobeStock_145619188.jpg 1921w, https:\/\/sociale.catrianerone.pu.it\/wp-content\/uploads\/2022\/11\/AdobeStock_145619188-300x200.jpg 300w, https:\/\/sociale.catrianerone.pu.it\/wp-content\/uploads\/2022\/11\/AdobeStock_145619188-1024x682.jpg 1024w, https:\/\/sociale.catrianerone.pu.it\/wp-content\/uploads\/2022\/11\/AdobeStock_145619188-768x512.jpg 768w, https:\/\/sociale.catrianerone.pu.it\/wp-content\/uploads\/2022\/11\/AdobeStock_145619188-1536x1023.jpg 1536w, https:\/\/sociale.catrianerone.pu.it\/wp-content\/uploads\/2022\/11\/AdobeStock_145619188-272x182.jpg 272w\" sizes=\"(max-width: 1921px) 100vw, 1921px\" \/><\/div><div id=\"panel-330-0-0-1\" class=\"so-panel widget widget_sow-editor panel-last-child\" data-index=\"1\" ><div\n\t\t\t\n\t\t\tclass=\"so-widget-sow-editor so-widget-sow-editor-base\"\n\t\t\t\n\t\t>\n<div class=\"siteorigin-widget-tinymce textwidget\">\n\t<p><img decoding=\"async\" src=\"wp-content\/uploads\/POVERTA-1.jpg\" alt=\"\" \/>Il settore che riguarda le politiche e gli interventi per contrastare la povert\u00e0 e il disagio adulto \u00e8 molto ampio ed eterogeneo. La questione povert\u00e0 richiede un complesso insieme di interventi e azioni da porre in atto per contrastarla trattandosi di un fenomeno multifattoriale. Per evitare che un individuo gi\u00e0 deprivato precipiti in situazioni di totale indigenza \u00e8 necessario agire su pi\u00f9 fronti: casa, lavoro, sostegno psicologico e sanitario, scolarizzazione e professionalizzazione, rete relazionale. Con il termine \"disagio sociale adulto\", invece, ci si riferisce a condizioni di solitudine, isolamento, problematiche relazionali, borderline, derivanti non solamente da una patologia specifica, ma da deficit di tipo sociale, problematiche di cui sono sempre pi\u00f9 spesso portatori soggetti adulti.<\/p>\n<div>\n<p>La legge quadro 328\/00 ha tentato di sistematizzare e offrire indicazioni rispetto agli interventi da attuare, mediante finanziamenti ad hoc al fine di contrastare il disagio sociale adulto; in particolare si prevedono interventi urgenti per le situazioni di povert\u00e0 estrema e per la lotta all\u2019esclusione sociale.<\/p>\n<p>Gli interventi attuati per favorire l\u2019inclusione sociale di adulti in difficolt\u00e0 sono raggruppabili nelle seguenti aree:<\/p>\n<ul type=\"disc\">\n<li>sostegno economico<\/li>\n<li>accoglienza abitativa<\/li>\n<li>fornitura di beni di prima necessit\u00e0<\/li>\n<li>lavoro<\/li>\n<li>promozione e riduzione del danno.<\/li>\n<\/ul>\n<p><strong>Vengono perci\u00f2 attuati vari interventi di:<\/strong><\/p>\n<ul type=\"disc\">\n<li>prevenzione, tramite attivit\u00e0 informativa e formativa;<\/li>\n<li>sensibilizzazione;<\/li>\n<li>segretariato sociale;<\/li>\n<li>sostegno all\u2019inclusione sociale, tramite orientamento, accompagnamento al lavoro e formazione professionale.<\/li>\n<\/ul>\n<p>\u00c8 da evidenziare l\u2019impegno dell\u2019Ambito Sociale 3 nel lavoro di messa a sistema degli interventi e prestazioni erogati dai comuni, sviluppando una funzione di supporto e supervisione, cercando di rendere omogenee su tutto il territorio le modalit\u00e0 ed i criteri per l\u2019erogazione di alcune prestazioni essenziali.<\/p>\n<\/div>\n<p><!-- {\"type\":\"layout\",\"children\":[{\"type\":\"section\",\"props\":{\"style\":\"default\",\"width\":\"default\",\"vertical_align\":\"middle\",\"title_position\":\"top-left\",\"title_rotation\":\"left\",\"title_breakpoint\":\"xl\",\"image_position\":\"center-center\",\"text_color\":\"\",\"width_expand\":\"\",\"height\":\"\",\"padding\":\"\",\"header_transparent\":\"\",\"animation\":\"\"},\"children\":[{\"type\":\"row\",\"props\":{\"layout\":\"1-1\",\"breakpoint\":\"m\",\"fixed_width\":\"large\",\"gutter\":\"\",\"width\":\"\",\"width_expand\":\"\",\"height\":\"\",\"margin\":\"\"},\"children\":[{\"type\":\"column\",\"props\":{\"widths\":[\"1-1\"],\"image_position\":\"center-center\",\"media_overlay_gradient\":\"\",\"vertical_align\":\"\",\"style\":\"\",\"text_color\":\"\",\"padding\":\"\"},\"children\":[{\"type\":\"image\",\"props\":{\"margin\":\"default\",\"image_svg_color\":\"emphasis\",\"link_target\":\"\",\"image_border\":\"\",\"image_box_shadow\":\"\",\"image_hover_box_shadow\":\"\",\"image_box_decoration\":\"\",\"position\":\"\",\"position_z_index\":\"\",\"maxwidth\":\"\",\"maxwidth_breakpoint\":\"\",\"block_align\":\"\",\"block_align_breakpoint\":\"\",\"block_align_fallback\":\"\",\"text_align\":\"\",\"text_align_breakpoint\":\"\",\"text_align_fallback\":\"\",\"animation\":\"\",\"visibility\":\"\",\"image\":\"wp-content\\\/uploads\\\/POVERTA-1.jpg\"}},{\"type\":\"headline\",\"props\":{\"title_element\":\"h1\",\"title_style\":\"\",\"title_decoration\":\"\",\"title_font_family\":\"\",\"title_color\":\"\",\"position\":\"\",\"position_z_index\":\"\",\"margin\":\"\",\"maxwidth\":\"\",\"maxwidth_breakpoint\":\"\",\"block_align\":\"\",\"block_align_breakpoint\":\"\",\"block_align_fallback\":\"\",\"text_align\":\"\",\"text_align_breakpoint\":\"\",\"text_align_fallback\":\"\",\"animation\":\"\",\"visibility\":\"\",\"content\":\"Povert\\u00e0 e Disagio Adulto\"}},{\"type\":\"text\",\"props\":{\"margin\":\"default\",\"column_breakpoint\":\"m\",\"text_style\":\"\",\"text_color\":\"\",\"text_size\":\"\",\"column\":\"\",\"position\":\"\",\"position_z_index\":\"\",\"maxwidth\":\"\",\"maxwidth_breakpoint\":\"\",\"block_align\":\"\",\"block_align_breakpoint\":\"\",\"block_align_fallback\":\"\",\"text_align\":\"\",\"text_align_breakpoint\":\"\",\"text_align_fallback\":\"\",\"animation\":\"\",\"visibility\":\"\",\"content\":\"\n\nIl settore che riguarda le politiche e gli interventi per contrastare la povert\\u00e0 e il disagio adulto \\u00e8 molto ampio ed eterogeneo. La questione povert\\u00e0 richiede un complesso insieme di interventi e azioni da porre in atto per contrastarla trattandosi di un fenomeno multifattoriale. Per evitare che un individuo gi\\u00e0 deprivato precipiti in situazioni di totale indigenza \\u00e8 necessario agire su pi\\u00f9 fronti: casa, lavoro, sostegno psicologico e sanitario, scolarizzazione e professionalizzazione, rete relazionale. Con il termine \\\"disagio sociale adulto\\\", invece, ci si riferisce a condizioni di solitudine, isolamento, problematiche relazionali, borderline, derivanti non solamente da una patologia specifica, ma da deficit di tipo sociale, problematiche di cui sono sempre pi\\u00f9 spesso portatori soggetti adulti.<\\\/p>\\n\n\nLa legge quadro 328\\\/00 ha tentato di sistematizzare e offrire indicazioni rispetto agli interventi da attuare, mediante finanziamenti ad hoc al fine di contrastare il disagio sociale adulto; in particolare si prevedono interventi urgenti per le situazioni di povert\\u00e0 estrema e per la lotta all\\u2019esclusione sociale.<\\\/p>\\n\n\nGli interventi attuati per favorire l\\u2019inclusione sociale di adulti in difficolt\\u00e0 sono raggruppabili nelle seguenti aree:<\\\/p>\\n\n\n\n\n\n<ul type=\\\"disc\\\">\\n\n \t\n\n\n\n<li>sostegno economico<\\\/li>\\n\n \t\n\n<\/li>\n\n\n\n<li>accoglienza abitativa<\\\/li>\\n\n \t\n\n<\/li>\n\n\n\n<li>fornitura di beni di prima necessit\\u00e0<\\\/li>\\n\n \t\n\n<\/li>\n\n\n\n<li>lavoro<\\\/li>\\n\n \t\n\n<\/li>\n\n\n\n<li>promozione e riduzione del danno.<\\\/li>\\n<\\\/ul>\\n<strong>Vengono perci\\u00f2 attuati vari interventi di:<\\\/strong><\\\/p>\\n\n\n\n\n\n<ul type=\\\"disc\\\">\\n\n \t\n\n\n\n<li>prevenzione, tramite attivit\\u00e0 informativa e formativa;<\\\/li>\\n\n \t\n\n<\/li>\n\n\n\n<li>sensibilizzazione;<\\\/li>\\n\n \t\n\n<\/li>\n\n\n\n<li>segretariato sociale;<\\\/li>\\n\n \t\n\n<\/li>\n\n\n\n<li>sostegno all\\u2019inclusione sociale, tramite orientamento, accompagnamento al lavoro e formazione professionale.<\\\/li>\\n<\\\/ul>\\n\\u00c8 da evidenziare l\\u2019impegno dell\\u2019Ambito Sociale 3 nel lavoro di messa a sistema degli interventi e prestazioni erogati dai comuni, sviluppando una funzione di supporto e supervisione, cercando di rendere omogenee su tutto il territorio le modalit\\u00e0 ed i criteri per l\\u2019erogazione di alcune prestazioni essenziali.<\\\/p>\"}}]}]}]}],\"version\":\"1.21.10\"} --><\/li>\n<\/ul>\n<p><\/strong><\/li>\n<\/ul>\n<\/div>\n<\/div><\/div><\/div><\/div><\/div>","protected":false},"excerpt":{"rendered":"<p>Il settore che riguarda le politiche e gli interventi per contrastare la povert\u00e0 e il disagio adulto \u00e8 molto ampio ed eterogeneo. La questione povert\u00e0 &#8230; <\/p>\n","protected":false},"author":2,"featured_media":0,"parent":0,"menu_order":0,"comment_status":"closed","ping_status":"closed","template":"","meta":{"footnotes":""},"yoast_head":"<!-- This site is optimized with the Yoast SEO plugin v22.6 - https:\/\/yoast.com\/wordpress\/plugins\/seo\/ -->\r\n<title>Povert\u00e0 e Disagio Adulto - Ambito Sociale 3<\/title>\r\n<meta name=\"robots\" content=\"index, follow, max-snippet:-1, max-image-preview:large, max-video-preview:-1\" \/>\r\n<link rel=\"canonical\" href=\"https:\/\/sociale.catrianerone.pu.it\/?page_id=330\" \/>\r\n<meta property=\"og:locale\" content=\"it_IT\" \/>\r\n<meta property=\"og:type\" content=\"article\" \/>\r\n<meta property=\"og:title\" content=\"Povert\u00e0 e Disagio Adulto - Ambito Sociale 3\" \/>\r\n<meta property=\"og:description\" content=\"Il settore che riguarda le politiche e gli interventi per contrastare la povert\u00e0 e il disagio adulto \u00e8 molto ampio ed eterogeneo. La questione povert\u00e0 ...\" \/>\r\n<meta property=\"og:url\" content=\"https:\/\/sociale.catrianerone.pu.it\/?page_id=330\" \/>\r\n<meta property=\"og:site_name\" content=\"Ambito Sociale 3\" \/>\r\n<meta property=\"article:publisher\" content=\"https:\/\/www.facebook.com\/profile.php?id=100064800606320\" \/>\r\n<meta property=\"article:modified_time\" content=\"2022-11-29T06:39:54+00:00\" \/>\r\n<meta name=\"twitter:card\" content=\"summary_large_image\" \/>\r\n<meta name=\"twitter:label1\" content=\"Tempo di lettura stimato\" \/>\n\t<meta name=\"twitter:data1\" content=\"4 minuti\" \/>\r\n<script type=\"application\/ld+json\" class=\"yoast-schema-graph\">{\"@context\":\"https:\/\/schema.org\",\"@graph\":[{\"@type\":\"WebPage\",\"@id\":\"https:\/\/sociale.catrianerone.pu.it\/?page_id=330\",\"url\":\"https:\/\/sociale.catrianerone.pu.it\/?page_id=330\",\"name\":\"Povert\u00e0 e Disagio Adulto - Ambito Sociale 3\",\"isPartOf\":{\"@id\":\"https:\/\/sociale.catrianerone.pu.it\/#website\"},\"datePublished\":\"2019-09-19T06:26:43+00:00\",\"dateModified\":\"2022-11-29T06:39:54+00:00\",\"breadcrumb\":{\"@id\":\"https:\/\/sociale.catrianerone.pu.it\/?page_id=330#breadcrumb\"},\"inLanguage\":\"it-IT\",\"potentialAction\":[{\"@type\":\"ReadAction\",\"target\":[\"https:\/\/sociale.catrianerone.pu.it\/?page_id=330\"]}]},{\"@type\":\"BreadcrumbList\",\"@id\":\"https:\/\/sociale.catrianerone.pu.it\/?page_id=330#breadcrumb\",\"itemListElement\":[{\"@type\":\"ListItem\",\"position\":1,\"name\":\"Home\",\"item\":\"https:\/\/sociale.catrianerone.pu.it\/\"},{\"@type\":\"ListItem\",\"position\":2,\"name\":\"Povert\u00e0 e Disagio Adulto\"}]},{\"@type\":\"WebSite\",\"@id\":\"https:\/\/sociale.catrianerone.pu.it\/#website\",\"url\":\"https:\/\/sociale.catrianerone.pu.it\/\",\"name\":\"Ambito Sociale 3\",\"description\":\"Sito dei Servizi Sociali dell&#039;Unione Montana del Catria e Nerone\",\"publisher\":{\"@id\":\"https:\/\/sociale.catrianerone.pu.it\/#organization\"},\"potentialAction\":[{\"@type\":\"SearchAction\",\"target\":{\"@type\":\"EntryPoint\",\"urlTemplate\":\"https:\/\/sociale.catrianerone.pu.it\/?s={search_term_string}\"},\"query-input\":\"required name=search_term_string\"}],\"inLanguage\":\"it-IT\"},{\"@type\":\"Organization\",\"@id\":\"https:\/\/sociale.catrianerone.pu.it\/#organization\",\"name\":\"Ambito Sociale 3\",\"url\":\"https:\/\/sociale.catrianerone.pu.it\/\",\"logo\":{\"@type\":\"ImageObject\",\"inLanguage\":\"it-IT\",\"@id\":\"https:\/\/sociale.catrianerone.pu.it\/#\/schema\/logo\/image\/\",\"url\":\"https:\/\/sociale.catrianerone.pu.it\/wp-content\/uploads\/2022\/11\/logo-Ambito3.png\",\"contentUrl\":\"https:\/\/sociale.catrianerone.pu.it\/wp-content\/uploads\/2022\/11\/logo-Ambito3.png\",\"width\":483,\"height\":149,\"caption\":\"Ambito Sociale 3\"},\"image\":{\"@id\":\"https:\/\/sociale.catrianerone.pu.it\/#\/schema\/logo\/image\/\"},\"sameAs\":[\"https:\/\/www.facebook.com\/profile.php?id=100064800606320\"]}]}<\/script>\r\n<!-- \/ Yoast SEO plugin. -->","yoast_head_json":{"title":"Povert\u00e0 e Disagio Adulto - Ambito Sociale 3","robots":{"index":"index","follow":"follow","max-snippet":"max-snippet:-1","max-image-preview":"max-image-preview:large","max-video-preview":"max-video-preview:-1"},"canonical":"https:\/\/sociale.catrianerone.pu.it\/?page_id=330","og_locale":"it_IT","og_type":"article","og_title":"Povert\u00e0 e Disagio Adulto - Ambito Sociale 3","og_description":"Il settore che riguarda le politiche e gli interventi per contrastare la povert\u00e0 e il disagio adulto \u00e8 molto ampio ed eterogeneo. La questione povert\u00e0 ...","og_url":"https:\/\/sociale.catrianerone.pu.it\/?page_id=330","og_site_name":"Ambito Sociale 3","article_publisher":"https:\/\/www.facebook.com\/profile.php?id=100064800606320","article_modified_time":"2022-11-29T06:39:54+00:00","twitter_card":"summary_large_image","twitter_misc":{"Tempo di lettura stimato":"4 minuti"},"schema":{"@context":"https:\/\/schema.org","@graph":[{"@type":"WebPage","@id":"https:\/\/sociale.catrianerone.pu.it\/?page_id=330","url":"https:\/\/sociale.catrianerone.pu.it\/?page_id=330","name":"Povert\u00e0 e Disagio Adulto - Ambito Sociale 3","isPartOf":{"@id":"https:\/\/sociale.catrianerone.pu.it\/#website"},"datePublished":"2019-09-19T06:26:43+00:00","dateModified":"2022-11-29T06:39:54+00:00","breadcrumb":{"@id":"https:\/\/sociale.catrianerone.pu.it\/?page_id=330#breadcrumb"},"inLanguage":"it-IT","potentialAction":[{"@type":"ReadAction","target":["https:\/\/sociale.catrianerone.pu.it\/?page_id=330"]}]},{"@type":"BreadcrumbList","@id":"https:\/\/sociale.catrianerone.pu.it\/?page_id=330#breadcrumb","itemListElement":[{"@type":"ListItem","position":1,"name":"Home","item":"https:\/\/sociale.catrianerone.pu.it\/"},{"@type":"ListItem","position":2,"name":"Povert\u00e0 e Disagio Adulto"}]},{"@type":"WebSite","@id":"https:\/\/sociale.catrianerone.pu.it\/#website","url":"https:\/\/sociale.catrianerone.pu.it\/","name":"Ambito Sociale 3","description":"Sito dei Servizi Sociali dell&#039;Unione Montana del Catria e Nerone","publisher":{"@id":"https:\/\/sociale.catrianerone.pu.it\/#organization"},"potentialAction":[{"@type":"SearchAction","target":{"@type":"EntryPoint","urlTemplate":"https:\/\/sociale.catrianerone.pu.it\/?s={search_term_string}"},"query-input":"required name=search_term_string"}],"inLanguage":"it-IT"},{"@type":"Organization","@id":"https:\/\/sociale.catrianerone.pu.it\/#organization","name":"Ambito Sociale 3","url":"https:\/\/sociale.catrianerone.pu.it\/","logo":{"@type":"ImageObject","inLanguage":"it-IT","@id":"https:\/\/sociale.catrianerone.pu.it\/#\/schema\/logo\/image\/","url":"https:\/\/sociale.catrianerone.pu.it\/wp-content\/uploads\/2022\/11\/logo-Ambito3.png","contentUrl":"https:\/\/sociale.catrianerone.pu.it\/wp-content\/uploads\/2022\/11\/logo-Ambito3.png","width":483,"height":149,"caption":"Ambito Sociale 3"},"image":{"@id":"https:\/\/sociale.catrianerone.pu.it\/#\/schema\/logo\/image\/"},"sameAs":["https:\/\/www.facebook.com\/profile.php?id=100064800606320"]}]}},"_links":{"self":[{"href":"https:\/\/sociale.catrianerone.pu.it\/index.php?rest_route=\/wp\/v2\/pages\/330"}],"collection":[{"href":"https:\/\/sociale.catrianerone.pu.it\/index.php?rest_route=\/wp\/v2\/pages"}],"about":[{"href":"https:\/\/sociale.catrianerone.pu.it\/index.php?rest_route=\/wp\/v2\/types\/page"}],"author":[{"embeddable":true,"href":"https:\/\/sociale.catrianerone.pu.it\/index.php?rest_route=\/wp\/v2\/users\/2"}],"replies":[{"embeddable":true,"href":"https:\/\/sociale.catrianerone.pu.it\/index.php?rest_route=%2Fwp%2Fv2%2Fcomments&post=330"}],"version-history":[{"count":3,"href":"https:\/\/sociale.catrianerone.pu.it\/index.php?rest_route=\/wp\/v2\/pages\/330\/revisions"}],"predecessor-version":[{"id":1028,"href":"https:\/\/sociale.catrianerone.pu.it\/index.php?rest_route=\/wp\/v2\/pages\/330\/revisions\/1028"}],"wp:attachment":[{"href":"https:\/\/sociale.catrianerone.pu.it\/index.php?rest_route=%2Fwp%2Fv2%2Fmedia&parent=330"}],"curies":[{"name":"wp","href":"https:\/\/api.w.org\/{rel}","templated":true}]}}